{"id":70,"date":"2025-05-01T00:08:40","date_gmt":"2025-05-01T00:08:40","guid":{"rendered":"https:\/\/micropigmentacion.com.co\/cursosmp\/?post_type=product&#038;p=70"},"modified":"2025-12-19T17:52:58","modified_gmt":"2025-12-19T17:52:58","slug":"tienda","status":"publish","type":"product","link":"https:\/\/micropigmentacion.com.co\/cursosmp\/producto\/tienda\/","title":{"rendered":"Curso de Micropigmentaci\u00f3n Capilar"},"content":{"rendered":"<p><span style=\"font-size: 1.7em; font-weight: bold;\">Acerca de este curso<\/span><\/p>\n<div class=\"tutor-course-details-content\">\n<div class=\"tutor-fs-6 tutor-color-secondary\">\n<p>Descubre el arte de la micropigmentaci\u00f3n capilar con nuestro curso 100% online. Aprende desde cero o perfecciona tu t\u00e9cnica para ofrecer soluciones est\u00e9ticas efectivas contra la calvicie y baja densidad capilar. Accede a clases grabadas, tutor\u00eda personalizada y materiales exclusivos desde cualquier lugar y a tu ritmo. Convi\u00e9rtete en un profesional altamente capacitado en una industria en crecimiento.<\/p>\n<\/div>\n<\/div>\n<div class=\"tutor-course-details-widget tutor-course-details-widget-col-2 tutor-mt-lg-50 tutor-mt-32\">\n<h3 class=\"tutor-course-details-widget-title tutor-fs-5 tutor-fw-bold tutor-color-black tutor-mb-16\">\u00bfQu\u00e9 aprender\u00e1s?<\/h3>\n<ul class=\"tutor-course-details-widget-list tutor-color-black tutor-fs-6 tutor-m-0 tutor-mt-16\">\n<li class=\"tutor-d-flex tutor-mb-12\">Fundamentos de la micropigmentaci\u00f3n capilar.<\/li>\n<li class=\"tutor-d-flex tutor-mb-12\">T\u00e9cnicas de aplicaci\u00f3n paso a paso.<\/li>\n<li class=\"tutor-d-flex tutor-mb-12\">Uso y manejo de equipos y pigmentos.<\/li>\n<li class=\"tutor-d-flex tutor-mb-12\">Protocolos de higiene y atenci\u00f3n al cliente.<\/li>\n<\/ul>\n<\/div>\n","protected":false},"excerpt":{"rendered":"<p>Acerca de este curso Descubre el arte de la micropigmentaci\u00f3n capilar con nuestro curso 100% online. Aprende desde cero o [&hellip;]<\/p>\n","protected":false},"featured_media":111,"comment_status":"open","ping_status":"closed","template":"","meta":{"_uag_custom_page_level_css":"","site-sidebar-layout":"default","site-content-layout":"","ast-site-content-layout":"default","site-content-style":"default","site-sidebar-style":"default","ast-global-header-display":"","ast-banner-title-visibility":"","ast-main-header-display":"","ast-hfb-above-header-display":"","ast-hfb-below-header-display":"","ast-hfb-mobile-header-display":"","site-post-title":"","ast-breadcrumbs-content":"","ast-featured-img":"","footer-sml-layout":"","theme-transparent-header-meta":"default","adv-header-id-meta":"","stick-header-meta":"","header-above-stick-meta":"","header-main-stick-meta":"","header-below-stick-meta":"","astra-migrate-meta-layouts":"set","ast-page-background-enabled":"default","ast-page-background-meta":{"desktop":{"background-color":"var(--ast-global-color-5)","background-image":"","background-repeat":"repeat","background-position":"center center","background-size":"auto","background-attachment":"scroll","background-type":"","background-media":"","overlay-type":"","overlay-color":"","overlay-opacity":"","overlay-gradient":""},"tablet":{"background-color":"","background-image":"","background-repeat":"repeat","background-position":"center center","background-size":"auto","background-attachment":"scroll","background-type":"","background-media":"","overlay-type":"","overlay-color":"","overlay-opacity":"","overlay-gradient":""},"mobile":{"background-color":"","background-image":"","background-repeat":"repeat","background-position":"center center","background-size":"auto","background-attachment":"scroll","background-type":"","background-media":"","overlay-type":"","overlay-color":"","overlay-opacity":"","overlay-gradient":""}},"ast-content-background-meta":{"desktop":{"background-color":"var(--ast-global-color-4)","background-image":"","background-repeat":"repeat","background-position":"center center","background-size":"auto","background-attachment":"scroll","background-type":"","background-media":"","overlay-type":"","overlay-color":"","overlay-opacity":"","overlay-gradient":""},"tablet":{"background-color":"var(--ast-global-color-4)","background-image":"","background-repeat":"repeat","background-position":"center center","background-size":"auto","background-attachment":"scroll","background-type":"","background-media":"","overlay-type":"","overlay-color":"","overlay-opacity":"","overlay-gradient":""},"mobile":{"background-color":"var(--ast-global-color-4)","background-image":"","background-repeat":"repeat","background-position":"center center","background-size":"auto","background-attachment":"scroll","background-type":"","background-media":"","overlay-type":"","overlay-color":"","overlay-opacity":"","overlay-gradient":""}}},"product_brand":[],"product_cat":[18],"product_tag":[],"class_list":{"0":"post-70","1":"product","2":"type-product","3":"status-publish","4":"has-post-thumbnail","6":"product_cat-sin-categorizar","7":"desktop-align-left","8":"tablet-align-left","9":"mobile-align-left","11":"first","12":"instock","13":"virtual","14":"purchasable","15":"product-type-simple"},"uagb_featured_image_src":{"full":["https:\/\/micropigmentacion.com.co\/cursosmp\/wp-content\/uploads\/2025\/05\/Post-Instagram-Curso-Online-Corporativo-Azul-.png",1080,1080,false],"thumbnail":["https:\/\/micropigmentacion.com.co\/cursosmp\/wp-content\/uploads\/2025\/05\/Post-Instagram-Curso-Online-Corporativo-Azul--150x150.png",150,150,true],"medium":["https:\/\/micropigmentacion.com.co\/cursosmp\/wp-content\/uploads\/2025\/05\/Post-Instagram-Curso-Online-Corporativo-Azul--300x300.png",300,300,true],"medium_large":["https:\/\/micropigmentacion.com.co\/cursosmp\/wp-content\/uploads\/2025\/05\/Post-Instagram-Curso-Online-Corporativo-Azul--768x768.png",768,768,true],"large":["https:\/\/micropigmentacion.com.co\/cursosmp\/wp-content\/uploads\/2025\/05\/Post-Instagram-Curso-Online-Corporativo-Azul--1024x1024.png",1024,1024,true],"1536x1536":["https:\/\/micropigmentacion.com.co\/cursosmp\/wp-content\/uploads\/2025\/05\/Post-Instagram-Curso-Online-Corporativo-Azul-.png",1080,1080,false],"2048x2048":["https:\/\/micropigmentacion.com.co\/cursosmp\/wp-content\/uploads\/2025\/05\/Post-Instagram-Curso-Online-Corporativo-Azul-.png",1080,1080,false],"woocommerce_thumbnail":["https:\/\/micropigmentacion.com.co\/cursosmp\/wp-content\/uploads\/2025\/05\/Post-Instagram-Curso-Online-Corporativo-Azul--300x300.png",300,300,true],"woocommerce_single":["https:\/\/micropigmentacion.com.co\/cursosmp\/wp-content\/uploads\/2025\/05\/Post-Instagram-Curso-Online-Corporativo-Azul--600x600.png",600,600,true],"woocommerce_gallery_thumbnail":["https:\/\/micropigmentacion.com.co\/cursosmp\/wp-content\/uploads\/2025\/05\/Post-Instagram-Curso-Online-Corporativo-Azul--100x100.png",100,100,true]},"uagb_author_info":{"display_name":"Nelson Ruiz","author_link":"https:\/\/micropigmentacion.com.co\/cursosmp\/author\/"},"uagb_comment_info":0,"uagb_excerpt":"Acerca de este curso Descubre el arte de la micropigmentaci\u00f3n capilar con nuestro curso 100% online. Aprende desde cero o [&hellip;]","_links":{"self":[{"href":"https:\/\/micropigmentacion.com.co\/cursosmp\/wp-json\/wp\/v2\/product\/70","targetHints":{"allow":["GET"]}}],"collection":[{"href":"https:\/\/micropigmentacion.com.co\/cursosmp\/wp-json\/wp\/v2\/product"}],"about":[{"href":"https:\/\/micropigmentacion.com.co\/cursosmp\/wp-json\/wp\/v2\/types\/product"}],"replies":[{"embeddable":true,"href":"https:\/\/micropigmentacion.com.co\/cursosmp\/wp-json\/wp\/v2\/comments?post=70"}],"wp:featuredmedia":[{"embeddable":true,"href":"https:\/\/micropigmentacion.com.co\/cursosmp\/wp-json\/wp\/v2\/media\/111"}],"wp:attachment":[{"href":"https:\/\/micropigmentacion.com.co\/cursosmp\/wp-json\/wp\/v2\/media?parent=70"}],"wp:term":[{"taxonomy":"product_brand","embeddable":true,"href":"https:\/\/micropigmentacion.com.co\/cursosmp\/wp-json\/wp\/v2\/product_brand?post=70"},{"taxonomy":"product_cat","embeddable":true,"href":"https:\/\/micropigmentacion.com.co\/cursosmp\/wp-json\/wp\/v2\/product_cat?post=70"},{"taxonomy":"product_tag","embeddable":true,"href":"https:\/\/micropigmentacion.com.co\/cursosmp\/wp-json\/wp\/v2\/product_tag?post=70"}],"curies":[{"name":"wp","href":"https:\/\/api.w.org\/{rel}","templated":true}]}}